{"id":5554,"date":"2024-03-13T22:05:44","date_gmt":"2024-03-13T19:05:44","guid":{"rendered":"https:\/\/yyc.org.tr\/?page_id=5554"},"modified":"2024-10-10T13:32:44","modified_gmt":"2024-10-10T10:32:44","slug":"mutluluk-dukkani","status":"publish","type":"page","link":"https:\/\/yeced.org\/en\/mutluluk-dukkani\/","title":{"rendered":"Happiness Shop"},"content":{"rendered":"\t\t<div data-elementor-type=\"wp-page\" data-elementor-id=\"5554\" class=\"elementor elementor-5554\" data-elementor-post-type=\"page\">\n\t\t\t\t<div class=\"elementor-element elementor-element-1a5dc05 e-flex e-con-boxed e-con e-parent\" data-id=\"1a5dc05\" data-element_type=\"container\" data-e-type=\"container\">\n\t\t\t\t\t<div class=\"e-con-inner\">\n\t\t\t\t<div class=\"elementor-element elementor-element-1ec4266 elementor-widget elementor-widget-image\" data-id=\"1ec4266\" data-element_type=\"widget\" data-e-type=\"widget\" data-widget_type=\"image.default\">\n\t\t\t\t<div class=\"elementor-widget-container\">\n\t\t\t\t\t\t\t\t\t\t\t\t\t\t\t<img fetchpriority=\"high\" decoding=\"async\" width=\"2560\" height=\"1444\" src=\"https:\/\/yeced.org\/en\/wp-content\/uploads\/2024\/08\/mm-01-1-scaled.jpg\" class=\"attachment-full size-full wp-image-6821\" alt=\"\" srcset=\"https:\/\/yeced.org\/en\/wp-content\/uploads\/2024\/08\/mm-01-1-scaled.jpg 2560w, https:\/\/yeced.org\/en\/wp-content\/uploads\/2024\/08\/mm-01-1-300x169.jpg 300w, https:\/\/yeced.org\/en\/wp-content\/uploads\/2024\/08\/mm-01-1-1024x578.jpg 1024w, https:\/\/yeced.org\/en\/wp-content\/uploads\/2024\/08\/mm-01-1-768x433.jpg 768w, https:\/\/yeced.org\/en\/wp-content\/uploads\/2024\/08\/mm-01-1-1536x866.jpg 1536w, https:\/\/yeced.org\/en\/wp-content\/uploads\/2024\/08\/mm-01-1-2048x1155.jpg 2048w, https:\/\/yeced.org\/en\/wp-content\/uploads\/2024\/08\/mm-01-1-600x338.jpg 600w\" sizes=\"(max-width: 2560px) 100vw, 2560px\" \/>\t\t\t\t\t\t\t\t\t\t\t\t\t\t\t<\/div>\n\t\t\t\t<\/div>\n\t\t\t\t\t<\/div>\n\t\t\t\t<\/div>\n\t\t<div class=\"elementor-element elementor-element-69212cd6 e-con-full e-flex e-con e-parent\" data-id=\"69212cd6\" data-element_type=\"container\" data-e-type=\"container\">\n\t\t\t\t<div class=\"elementor-element elementor-element-2fe32a63 elementor-widget__width-initial elementor-widget elementor-widget-text-editor\" data-id=\"2fe32a63\" data-element_type=\"widget\" data-e-type=\"widget\" data-widget_type=\"text-editor.default\">\n\t\t\t\t<div class=\"elementor-widget-container\">\n\t\t\t\t\t\t\t\t\t<h4 style=\"text-align: center;\"><strong>&#8220;Would you like to give the gift of kindness to your loved ones?&#8221;<\/strong><\/h4><p>We organize events and workshops where we come together with our volunteers and children to create various products. The resulting products take their place in the Happiness Shop to be gifted to our donors.<\/p><p>In the Happiness Shop, you can find various products for yourself or as gifts for your loved ones. Each product is not only a precious keepsake, but also represents the support given to a child.<\/p><p>There are jewelry made from real flowers, notebooks, tote bags and certificates representing the donations you make on behalf of your loved ones on special occasions.<\/p><p>If you want to make yourself or your loved ones happy, you can reach our products from the additional service building of Yery\u00fcz\u00fc Doktorlar\u0131 Derne\u011fi, our stands opened in various organizations and @mutlulukdukkanindayiz instagram account.<\/p>\t\t\t\t\t\t\t\t<\/div>\n\t\t\t\t<\/div>\n\t\t\t\t<\/div>\n\t\t<div class=\"elementor-element elementor-element-be2a481 e-flex e-con-boxed e-con e-parent\" data-id=\"be2a481\" data-element_type=\"container\" data-e-type=\"container\">\n\t\t\t\t\t<div class=\"e-con-inner\">\n\t\t\t\t<div class=\"elementor-element elementor-element-cf48ca5 elementor-widget elementor-widget-vankine-themebtns-v1\" data-id=\"cf48ca5\" data-element_type=\"widget\" data-e-type=\"widget\" data-widget_type=\"vankine-themebtns-v1.default\">\n\t\t\t\t<div class=\"elementor-widget-container\">\n\t\t\t\t\t                 <div class=\"theme_btn_all\">\r\n            <a href=\"https:\/\/bagisyap.yeced.org\/bagis#mutlulukdukkani\"   target=&quot;_blank&quot;  rel=&quot;nofollow&quot; class=\"theme_btn\">\r\n            \t\r\n              HAPPINESS SHOP                                                                                <span><\/span>\r\n                        \t\r\n                \t\r\n                \t\r\n            <\/a>\r\n        <\/div>\r\n        \t\t\t\t<\/div>\n\t\t\t\t<\/div>\n\t\t\t\t\t<\/div>\n\t\t\t\t<\/div>\n\t\t\t\t<\/div>\n\t\t","protected":false},"excerpt":{"rendered":"<p>&#8220;Would you like to give the gift of kindness to your loved ones?&#8221; We organize events and workshops where we come together with our volunteers and children to create various products. The resulting products take their place in the Happiness Shop to be gifted to our donors. In the Happiness Shop, you can find various [&hellip;]<\/p>\n","protected":false},"author":1,"featured_media":0,"parent":0,"menu_order":0,"comment_status":"closed","ping_status":"closed","template":"","meta":{"footnotes":""},"class_list":["post-5554","page","type-page","status-publish","hentry"],"_links":{"self":[{"href":"https:\/\/yeced.org\/en\/wp-json\/wp\/v2\/pages\/5554","targetHints":{"allow":["GET"]}}],"collection":[{"href":"https:\/\/yeced.org\/en\/wp-json\/wp\/v2\/pages"}],"about":[{"href":"https:\/\/yeced.org\/en\/wp-json\/wp\/v2\/types\/page"}],"author":[{"embeddable":true,"href":"https:\/\/yeced.org\/en\/wp-json\/wp\/v2\/users\/1"}],"replies":[{"embeddable":true,"href":"https:\/\/yeced.org\/en\/wp-json\/wp\/v2\/comments?post=5554"}],"version-history":[{"count":33,"href":"https:\/\/yeced.org\/en\/wp-json\/wp\/v2\/pages\/5554\/revisions"}],"predecessor-version":[{"id":7327,"href":"https:\/\/yeced.org\/en\/wp-json\/wp\/v2\/pages\/5554\/revisions\/7327"}],"wp:attachment":[{"href":"https:\/\/yeced.org\/en\/wp-json\/wp\/v2\/media?parent=5554"}],"curies":[{"name":"wp","href":"https:\/\/api.w.org\/{rel}","templated":true}]}}