{"id":6473,"date":"2024-05-30T15:12:40","date_gmt":"2024-05-30T12:12:40","guid":{"rendered":"https:\/\/yeced.org\/?page_id=6473"},"modified":"2024-10-10T13:32:14","modified_gmt":"2024-10-10T10:32:14","slug":"hesap-numaralarimiz","status":"publish","type":"page","link":"https:\/\/yeced.org\/en\/hesap-numaralarimiz\/","title":{"rendered":"Our Account Numbers"},"content":{"rendered":"\t\t<div data-elementor-type=\"wp-page\" data-elementor-id=\"6473\" class=\"elementor elementor-6473\" data-elementor-post-type=\"page\">\n\t\t\t\t<div class=\"elementor-element elementor-element-273c2116 e-con-full e-flex e-con e-parent\" data-id=\"273c2116\" data-element_type=\"container\" data-e-type=\"container\">\n\t\t\t\t<div class=\"elementor-element elementor-element-a9902f8 elementor-widget__width-initial elementor-widget elementor-widget-text-editor\" data-id=\"a9902f8\" data-element_type=\"widget\" data-e-type=\"widget\" data-widget_type=\"text-editor.default\">\n\t\t\t\t<div class=\"elementor-widget-container\">\n\t\t\t\t\t\t\t\t\t<div class=\"css-wrapper\">\n<div class=\"css-background\">\n<div class=\"css-content\">\n<div class=\"css-single css-padding\">\n<h3>OUR ACCOUNT NUMBERS<\/h3>\n<div class=\"css-method-grid\">\n<div class=\"css-logo\">\n\n<img decoding=\"async\" src=\"https:\/\/bagisyap.yeced.org\/public\/method\/3\/495409513198.png\" \/>\n\nBRANCH: FATIH BRANCH\n\nBRANCH CODE: 15\n\n<\/div>\n<table class=\"css-iban\">\n<tbody>\n<tr>\n<th>Currency<\/th>\n<th>Account No<\/th>\n<th>IBAN<\/th>\n<\/tr>\n<tr>\n<td>Turkish Lira<\/td>\n<td class=\"css-clipboard\">9334529<\/td>\n<td class=\"css-clipboard\">TR12 0020 3000 0933 4529 0000 01<\/td>\n<\/tr>\n<tr>\n<td>British Pound<\/td>\n<td class=\"css-clipboard\">9334529-9<\/td>\n<td class=\"css-clipboard\">TR87 0020 3000 0933 4529 0000 09<\/td>\n<\/tr>\n<tr>\n<td>US Dolar<\/td>\n<td class=\"css-clipboard\">9334529-5<\/td>\n<td class=\"css-clipboard\">TR98 0020 3000 0933 4529 0000 05<\/td>\n<\/tr>\n<tr>\n<td>Euro<\/td>\n<td class=\"css-clipboard\">9334529-6<\/td>\n<td class=\"css-clipboard\">TR71 0020 3000 0933 4529 0000 06<\/td>\n<\/tr>\n<\/tbody>\n<\/table>\n<\/div>\n<div class=\"css-swift\"><b>Account No<\/b>:\u00a0<span class=\"css-clipboard\">CHILDREN OF THE EARTH ASSOCIATION<\/span><\/div>\n<div class=\"css-swift\"><b>Swift Code<\/b>:\u00a0<span class=\"css-clipboard\">BTFHTRIS<\/span><\/div>\n<div class=\"css-clear\"><\/div>\n<div><\/div>\n<div class=\"css-method-grid\">\n<div class=\"css-logo\">\n\n<img decoding=\"async\" src=\"https:\/\/bagisyap.yeced.org\/public\/method\/2\/495529612199.png\" \/>BRANCH: FAT\u0130H \/ \u0130STANBUL\n\nBRANCH CODE: 5\n\n<\/div>\n<table class=\"css-iban\">\n<tbody>\n<tr>\n<th>Currency<\/th>\n<th>Account No<\/th>\n<th>IBAN<\/th>\n<\/tr>\n<tr>\n<td>Turkish Lira<\/td>\n<td class=\"css-clipboard\">94236130<\/td>\n<td class=\"css-clipboard\">TR37 0020 5000 0942 3613 0000 01<\/td>\n<\/tr>\n<\/tbody>\n<\/table>\n<\/div>\n<div class=\"css-swift\"><b>Account Name: <\/b>:\u00a0<span class=\"css-clipboard\">CHILDREN OF THE EARTH ASSOCIATION<\/span><\/div>\n<div class=\"css-swift\"><b>Swift Code<\/b>:\u00a0<span class=\"css-clipboard\">KTEFTRIS<\/span><\/div>\n<div class=\"css-clear\"><\/div>\n<div><\/div>\n<div class=\"css-method-grid\">\n<div class=\"css-logo\">\n\n<img decoding=\"async\" src=\"https:\/\/bagisyap.yeced.org\/public\/method\/4\/49561883828.png\" \/>BRANCH: KARAG\u00dcMR\u00dcK\/\u0130STANBUL \u015eUBES\u0130\n\nBRANCH CODE: 965\n\n<\/div>\n<table class=\"css-iban\">\n<tbody>\n<tr>\n<th>Currency<\/th>\n<th>Account No<\/th>\n<th>IBAN<\/th>\n<\/tr>\n<tr>\n<td>Turkish Lira<\/td>\n<td class=\"css-clipboard\">96316832-5001<\/td>\n<td class=\"css-clipboard\">TR73 0001 0009 6596 3168 3250 01<\/td>\n<\/tr>\n<tr>\n<td>Euro<\/td>\n<td class=\"css-clipboard\">96316832-5002<\/td>\n<td class=\"css-clipboard\">TR46 0001 0009 6596 3168 3250 02<\/td>\n<\/tr>\n<tr>\n<td>US Dolar<\/td>\n<td class=\"css-clipboard\">96316832-5003<\/td>\n<td class=\"css-clipboard\">TR19 0001 0009 6596 3168 3250 03<\/td>\n<\/tr>\n<\/tbody>\n<\/table>\n<\/div>\n<div class=\"css-swift\"><b>Account Name<\/b>:\u00a0<span class=\"css-clipboard\">CHILDREN OF EARTH ASSOCIATION<\/span><\/div>\n<div class=\"css-swift\"><b>Swift Code<\/b>:\u00a0<span class=\"css-clipboard\">TCZBTR2A<\/span><\/div>\n<\/div>\n<\/div>\n<\/div>\n<\/div>\t\t\t\t\t\t\t\t<\/div>\n\t\t\t\t<\/div>\n\t\t\t\t<\/div>\n\t\t\t\t<\/div>\n\t\t","protected":false},"excerpt":{"rendered":"<p>OUR ACCOUNT NUMBERS BRANCH: FATIH BRANCH BRANCH CODE: 15 Currency Account No IBAN Turkish Lira 9334529 TR12 0020 3000 0933 4529 0000 01 British Pound 9334529-9 TR87 0020 3000 0933 4529 0000 09 US Dolar 9334529-5 TR98 0020 3000 0933 4529 0000 05 Euro 9334529-6 TR71 0020 3000 0933 4529 0000 06 Account No:\u00a0CHILDREN OF [&hellip;]<\/p>\n","protected":false},"author":1,"featured_media":0,"parent":0,"menu_order":0,"comment_status":"closed","ping_status":"closed","template":"","meta":{"footnotes":""},"class_list":["post-6473","page","type-page","status-publish","hentry"],"_links":{"self":[{"href":"https:\/\/yeced.org\/en\/wp-json\/wp\/v2\/pages\/6473","targetHints":{"allow":["GET"]}}],"collection":[{"href":"https:\/\/yeced.org\/en\/wp-json\/wp\/v2\/pages"}],"about":[{"href":"https:\/\/yeced.org\/en\/wp-json\/wp\/v2\/types\/page"}],"author":[{"embeddable":true,"href":"https:\/\/yeced.org\/en\/wp-json\/wp\/v2\/users\/1"}],"replies":[{"embeddable":true,"href":"https:\/\/yeced.org\/en\/wp-json\/wp\/v2\/comments?post=6473"}],"version-history":[{"count":9,"href":"https:\/\/yeced.org\/en\/wp-json\/wp\/v2\/pages\/6473\/revisions"}],"predecessor-version":[{"id":7118,"href":"https:\/\/yeced.org\/en\/wp-json\/wp\/v2\/pages\/6473\/revisions\/7118"}],"wp:attachment":[{"href":"https:\/\/yeced.org\/en\/wp-json\/wp\/v2\/media?parent=6473"}],"curies":[{"name":"wp","href":"https:\/\/api.w.org\/{rel}","templated":true}]}}