{"id":6489,"date":"2024-05-30T16:04:28","date_gmt":"2024-05-30T13:04:28","guid":{"rendered":"https:\/\/yeced.org\/?page_id=6489"},"modified":"2024-05-30T16:04:28","modified_gmt":"2024-05-30T13:04:28","slug":"arastirma-calismalari","status":"publish","type":"page","link":"https:\/\/yeced.org\/en\/arastirma-calismalari\/","title":{"rendered":"Ara\u015ft\u0131rma \u00c7al\u0131\u015fmalar\u0131"},"content":{"rendered":"<p>Haz\u0131rlan\u0131yor&#8230;<\/p>\n","protected":false},"excerpt":{"rendered":"<p>Haz\u0131rlan\u0131yor&#8230;<\/p>\n","protected":false},"author":1,"featured_media":0,"parent":0,"menu_order":0,"comment_status":"closed","ping_status":"closed","template":"","meta":{"footnotes":""},"class_list":["post-6489","page","type-page","status-publish","hentry"],"_links":{"self":[{"href":"https:\/\/yeced.org\/en\/wp-json\/wp\/v2\/pages\/6489","targetHints":{"allow":["GET"]}}],"collection":[{"href":"https:\/\/yeced.org\/en\/wp-json\/wp\/v2\/pages"}],"about":[{"href":"https:\/\/yeced.org\/en\/wp-json\/wp\/v2\/types\/page"}],"author":[{"embeddable":true,"href":"https:\/\/yeced.org\/en\/wp-json\/wp\/v2\/users\/1"}],"replies":[{"embeddable":true,"href":"https:\/\/yeced.org\/en\/wp-json\/wp\/v2\/comments?post=6489"}],"version-history":[{"count":1,"href":"https:\/\/yeced.org\/en\/wp-json\/wp\/v2\/pages\/6489\/revisions"}],"predecessor-version":[{"id":6490,"href":"https:\/\/yeced.org\/en\/wp-json\/wp\/v2\/pages\/6489\/revisions\/6490"}],"wp:attachment":[{"href":"https:\/\/yeced.org\/en\/wp-json\/wp\/v2\/media?parent=6489"}],"curies":[{"name":"wp","href":"https:\/\/api.w.org\/{rel}","templated":true}]}}