{"id":68,"date":"2023-09-14T15:34:08","date_gmt":"2023-09-14T12:34:08","guid":{"rendered":"https:\/\/themepanthers.com\/wp\/vankine\/v1\/?page_id=68"},"modified":"2025-09-16T14:33:18","modified_gmt":"2025-09-16T11:33:18","slug":"iletisim","status":"publish","type":"page","link":"https:\/\/yeced.org\/en\/iletisim\/","title":{"rendered":"\u0130leti\u015fim"},"content":{"rendered":"\t\t<div data-elementor-type=\"wp-page\" data-elementor-id=\"68\" class=\"elementor elementor-68\" data-elementor-post-type=\"page\">\n\t\t\t\t\t\t<section class=\"elementor-section elementor-top-section elementor-element elementor-element-a8e90f9 elementor-section-boxed elementor-section-height-default elementor-section-height-default\" data-id=\"a8e90f9\" data-element_type=\"section\" data-e-type=\"section\" data-settings=\"{&quot;background_background&quot;:&quot;classic&quot;}\">\n\t\t\t\t\t\t<div class=\"elementor-container elementor-column-gap-default\">\n\t\t\t\t\t<div class=\"elementor-column elementor-col-50 elementor-top-column elementor-element elementor-element-c76861d\" data-id=\"c76861d\" data-element_type=\"column\" data-e-type=\"column\">\n\t\t\t<div class=\"elementor-widget-wrap elementor-element-populated\">\n\t\t\t\t\t\t<div class=\"elementor-element elementor-element-4380665 elementor-widget elementor-widget-vankine-title-v1\" data-id=\"4380665\" data-element_type=\"widget\" data-e-type=\"widget\" data-widget_type=\"vankine-title-v1.default\">\n\t\t\t\t<div class=\"elementor-widget-container\">\n\t\t\t\t\t                    <div class=\"section_title type_one\">\r\n                                        <div class=\"title_whole\">\r\n                                            <h2 class=\"title\"> Contact us   <\/h2>\r\n                                    <\/div>\r\n                                        <p> You can fill out the form to contact us.<\/p>\r\n                    <\/div>\r\n            \r\n\r\n    \t\t\t\t<\/div>\n\t\t\t\t<\/div>\n\t\t\t\t<div class=\"elementor-element elementor-element-06bfb90 elementor-widget elementor-widget-vankine-social-media-v1\" data-id=\"06bfb90\" data-element_type=\"widget\" data-e-type=\"widget\" data-widget_type=\"vankine-social-media-v1.default\">\n\t\t\t\t<div class=\"elementor-widget-container\">\n\t\t\t\t\t\r\n<div class=\"social-icons\">\r\n                       \r\n<ul>\r\n                    <li><a href=\"https:\/\/www.facebook.com\/yecedorg\"  class=\"m_icon\"   > <i class=\"fab fa-facebook\"><\/i>\r\n              \r\n            <\/a><\/li>\r\n                    <li><a href=\"https:\/\/twitter.com\/yecedorg\"  class=\"m_icon\"   > <i class=\"fab fa-x\"><\/i>\r\n              \r\n            <\/a><\/li>\r\n                    <li><a href=\"https:\/\/instagram.com\/yecedorg\"  class=\"m_icon\"   > <i class=\"fab fa-instagram\"><\/i>\r\n              \r\n            <\/a><\/li>\r\n                    <li><a href=\"https:\/\/www.youtube.com\/channel\/UCL700InWZr4YEa77k3UO7yQ\"  class=\"m_icon\"   > <i class=\"fab fa-youtube\"><\/i>\r\n              \r\n            <\/a><\/li>\r\n                    <li><a href=\"https:\/\/www.linkedin.com\/company\/children-of-the-earth-ye%C3%A7ed\/\"  class=\"m_icon\"   > <i class=\"fa-brands fa-linkedin\"><\/i>\r\n              \r\n            <\/a><\/li>\r\n                <\/ul>\r\n<\/div>\r\n \r\n\t\r\n\t\t\t\t\t\t<\/div>\n\t\t\t\t<\/div>\n\t\t\t\t\t<\/div>\n\t\t<\/div>\n\t\t\t\t<div class=\"elementor-column elementor-col-50 elementor-top-column elementor-element elementor-element-e9caf95\" data-id=\"e9caf95\" data-element_type=\"column\" data-e-type=\"column\">\n\t\t\t<div class=\"elementor-widget-wrap elementor-element-populated\">\n\t\t\t\t\t\t<div class=\"elementor-element elementor-element-1b6467e elementor-widget elementor-widget-vankine-contact-form-v1\" data-id=\"1b6467e\" data-element_type=\"widget\" data-e-type=\"widget\" data-widget_type=\"vankine-contact-form-v1.default\">\n\t\t\t\t<div class=\"elementor-widget-container\">\n\t\t\t\t\t\r\n        <section class=\"contact_form_box_all\">\r\n        <div class=\"contact_form_shortcode\">\r\n                                                \n<div class=\"wpcf7 no-js\" id=\"wpcf7-f6225-o1\" lang=\"tr-TR\" dir=\"ltr\" data-wpcf7-id=\"6225\">\n<div class=\"screen-reader-response\"><p role=\"status\" aria-live=\"polite\" aria-atomic=\"true\"><\/p> <ul><\/ul><\/div>\n<form action=\"\/en\/wp-json\/wp\/v2\/pages\/68#wpcf7-f6225-o1\" method=\"post\" class=\"wpcf7-form init\" aria-label=\"\u0130leti\u015fim Formu\" novalidate=\"novalidate\" data-status=\"init\">\n<fieldset class=\"hidden-fields-container\"><input type=\"hidden\" name=\"_wpcf7\" value=\"6225\" \/><input type=\"hidden\" name=\"_wpcf7_version\" value=\"6.1.5\" \/><input type=\"hidden\" name=\"_wpcf7_locale\" value=\"tr_TR\" \/><input type=\"hidden\" name=\"_wpcf7_unit_tag\" value=\"wpcf7-f6225-o1\" \/><input type=\"hidden\" name=\"_wpcf7_container_post\" value=\"0\" \/><input type=\"hidden\" name=\"_wpcf7_posted_data_hash\" value=\"\" \/>\n<\/fieldset>\n<div class=\"cf7-container\">\n\t<div class=\"cf7-full\">\n\t\t<p><span class=\"wpcf7-form-control-wrap\" data-name=\"your-name\"><input size=\"40\" maxlength=\"400\" class=\"wpcf7-form-control wpcf7-text wpcf7-validates-as-required\" autocomplete=\"name\" aria-required=\"true\" aria-invalid=\"false\" placeholder=\"Name - Surname\" value=\"\" type=\"text\" name=\"your-name\" \/><\/span>\n\t\t<\/p>\n\t<\/div>\n\t<div class=\"cf7-flex\">\n\t\t<div class=\"cf7-half\">\n\t\t\t<p><span class=\"wpcf7-form-control-wrap\" data-name=\"countrytext-969\"><input size=\"40\" class=\"wpcf7-form-control wpcf7-countrytext wpcf7-validates-as-required wpcf7-text wpcf7-validates-as-countrytext\" aria-required=\"true\" aria-invalid=\"false\" placeholder=\"Country\" value=\"\" type=\"text\" name=\"countrytext-969\" \/><\/span>\n\t\t\t<\/p>\n\t\t<\/div>\n\t\t<div class=\"cf7-half\">\n\t\t\t<p><span class=\"wpcf7-form-control-wrap\" data-name=\"phonetext-705\"><input size=\"40\" class=\"wpcf7-form-control wpcf7-phonetext wpcf7-validates-as-required wpcf7-text wpcf7-validates-as-phonetext\" aria-required=\"true\" aria-invalid=\"false\" placeholder=\"Phone Number\" value=\"\" type=\"text\" name=\"phonetext-705\" \/><input type=\"hidden\" name=\"phonetext-705-country-code\" class=\"wpcf7-phonetext-country-code\" \/><\/span>\n\t\t\t<\/p>\n\t\t<\/div>\n\t<\/div>\n\t<div class=\"cf7-flex\">\n\t\t<div class=\"cf7-half\">\n\t\t\t<p><span class=\"wpcf7-form-control-wrap\" data-name=\"your-email\"><input size=\"40\" maxlength=\"400\" class=\"wpcf7-form-control wpcf7-email wpcf7-validates-as-required wpcf7-text wpcf7-validates-as-email\" autocomplete=\"email\" aria-required=\"true\" aria-invalid=\"false\" placeholder=\"@ E-Mail Address\" value=\"\" type=\"email\" name=\"your-email\" \/><\/span>\n\t\t\t<\/p>\n\t\t<\/div>\n\t\t<div class=\"cf7-half\">\n\t\t\t<p><span class=\"wpcf7-form-control-wrap\" data-name=\"your-subject\"><input size=\"40\" maxlength=\"400\" class=\"wpcf7-form-control wpcf7-text wpcf7-validates-as-required\" aria-required=\"true\" aria-invalid=\"false\" placeholder=\"Subject\" value=\"\" type=\"text\" name=\"your-subject\" \/><\/span>\n\t\t\t<\/p>\n\t\t<\/div>\n\t<\/div>\n\t<div class=\"cf7-full\">\n\t\t<p><span class=\"wpcf7-form-control-wrap\" data-name=\"your-message\"><textarea cols=\"40\" rows=\"10\" maxlength=\"2000\" class=\"wpcf7-form-control wpcf7-textarea wpcf7-validates-as-required\" aria-required=\"true\" aria-invalid=\"false\" placeholder=\"Message\" name=\"your-message\"><\/textarea><\/span>\n\t\t<\/p>\n\t<\/div>\n\t<p><input class=\"wpcf7-form-control wpcf7-submit has-spinner\" type=\"submit\" value=\"Send\" \/>\n\t<\/p>\n<\/div><p style=\"display: none !important;\" class=\"akismet-fields-container\" data-prefix=\"_wpcf7_ak_\"><label>&#916;<textarea name=\"_wpcf7_ak_hp_textarea\" cols=\"45\" rows=\"8\" maxlength=\"100\"><\/textarea><\/label><input type=\"hidden\" id=\"ak_js_1\" name=\"_wpcf7_ak_js\" value=\"94\"\/><script>document.getElementById( \"ak_js_1\" ).setAttribute( \"value\", ( new Date() ).getTime() );<\/script><\/p><div class=\"wpcf7-response-output\" aria-hidden=\"true\"><\/div>\n<\/form>\n<\/div>\n                                \r\n        <\/div>\r\n    <\/section>\r\n           \r\n\t\t\t\t\t\t<\/div>\n\t\t\t\t<\/div>\n\t\t\t\t\t<\/div>\n\t\t<\/div>\n\t\t\t\t\t<\/div>\n\t\t<\/section>\n\t\t\t\t<section class=\"elementor-section elementor-top-section elementor-element elementor-element-6036f71 elementor-section-boxed elementor-section-height-default elementor-section-height-default\" data-id=\"6036f71\" data-element_type=\"section\" data-e-type=\"section\">\n\t\t\t\t\t\t<div class=\"elementor-container elementor-column-gap-extended\">\n\t\t\t\t\t<div class=\"elementor-column elementor-col-33 elementor-top-column elementor-element elementor-element-f573a1e\" data-id=\"f573a1e\" data-element_type=\"column\" data-e-type=\"column\">\n\t\t\t<div class=\"elementor-widget-wrap elementor-element-populated\">\n\t\t\t\t\t\t<div class=\"elementor-element elementor-element-7a34cd0 elementor-widget elementor-widget-vankine-contact-box-v1\" data-id=\"7a34cd0\" data-element_type=\"widget\" data-e-type=\"widget\" data-widget_type=\"vankine-contact-box-v1.default\">\n\t\t\t\t<div class=\"elementor-widget-container\">\n\t\t\t\t\t \r\n \r\n    <div class=\"contact_box_content\">\r\n                                                        <div class=\"icon trans\">\r\n                        <img decoding=\"async\" src=\"https:\/\/yeced.org\/wp-content\/uploads\/2023\/10\/phoneyecedArtboard-17@12x.png\" alt=\"img\" \/>\r\n                    <\/div>\r\n                                                                <div class=\"contact-infor\">\r\n                          \r\n                <h6 class=\"title_no_a_24\">Phone Number<\/h6>\r\n                                        <a href=\"tel:+90 212 909 20 45\">+90 212 909 20 45<\/a>\r\n                                <\/div>\r\n                                <\/div>\r\n \r\n  \r\n  \r\n\r\n  \r\n \r\n\r\n\r\n    \t\t\t\t<\/div>\n\t\t\t\t<\/div>\n\t\t\t\t\t<\/div>\n\t\t<\/div>\n\t\t\t\t<div class=\"elementor-column elementor-col-33 elementor-top-column elementor-element elementor-element-3299cd0\" data-id=\"3299cd0\" data-element_type=\"column\" data-e-type=\"column\">\n\t\t\t<div class=\"elementor-widget-wrap elementor-element-populated\">\n\t\t\t\t\t\t<div class=\"elementor-element elementor-element-3b6240d elementor-widget elementor-widget-vankine-contact-box-v1\" data-id=\"3b6240d\" data-element_type=\"widget\" data-e-type=\"widget\" data-widget_type=\"vankine-contact-box-v1.default\">\n\t\t\t\t<div class=\"elementor-widget-container\">\n\t\t\t\t\t \r\n \r\n    <div class=\"contact_box_content\">\r\n                                                        <div class=\"icon trans\">\r\n                        <img decoding=\"async\" src=\"https:\/\/yeced.org\/wp-content\/uploads\/2023\/10\/placeholder-1.png\" alt=\"img\" \/>\r\n                    <\/div>\r\n                                                         \r\n            <div class=\"contact-infor\">\r\n                \r\n                <h6 class=\"title_no_a_24\">   Address<\/h6>\r\n                                        <span>Karag\u00fcmr\u00fck, Viran Odalar\u0131 Street Number: 15, 34091 Fatih\/Istanbul<\/span>\r\n                    <\/div>\r\n                                        <\/div>\r\n \r\n  \r\n  \r\n\r\n  \r\n \r\n\r\n\r\n    \t\t\t\t<\/div>\n\t\t\t\t<\/div>\n\t\t\t\t\t<\/div>\n\t\t<\/div>\n\t\t\t\t<div class=\"elementor-column elementor-col-33 elementor-top-column elementor-element elementor-element-566db77\" data-id=\"566db77\" data-element_type=\"column\" data-e-type=\"column\">\n\t\t\t<div class=\"elementor-widget-wrap elementor-element-populated\">\n\t\t\t\t\t\t<div class=\"elementor-element elementor-element-d49dd66 elementor-widget elementor-widget-vankine-contact-box-v1\" data-id=\"d49dd66\" data-element_type=\"widget\" data-e-type=\"widget\" data-widget_type=\"vankine-contact-box-v1.default\">\n\t\t\t\t<div class=\"elementor-widget-container\">\n\t\t\t\t\t \r\n \r\n    <div class=\"contact_box_content\">\r\n                                                        <div class=\"icon trans\">\r\n                        <img decoding=\"async\" src=\"https:\/\/yeced.org\/wp-content\/uploads\/2023\/10\/email.png\" alt=\"img\" \/>\r\n                    <\/div>\r\n                                                                        <div class=\"contact-infor\">\r\n                   \r\n                <h6 class=\"title_no_a_24\">E-mail<\/h6>\r\n            \r\n                                            <a href=\"mailto:info@yeced.org\">info@yeced.org<\/a>\r\n                                <\/div>\r\n                        <\/div>\r\n \r\n  \r\n  \r\n\r\n  \r\n \r\n\r\n\r\n    \t\t\t\t<\/div>\n\t\t\t\t<\/div>\n\t\t\t\t\t<\/div>\n\t\t<\/div>\n\t\t\t\t\t<\/div>\n\t\t<\/section>\n\t\t\t\t<section class=\"elementor-section elementor-top-section elementor-element elementor-element-927a4fa elementor-section-full_width elementor-section-height-default elementor-section-height-default\" data-id=\"927a4fa\" data-element_type=\"section\" data-e-type=\"section\">\n\t\t\t\t\t\t<div class=\"elementor-container elementor-column-gap-no\">\n\t\t\t\t\t<div class=\"elementor-column elementor-col-100 elementor-top-column elementor-element elementor-element-5de05cc\" data-id=\"5de05cc\" data-element_type=\"column\" data-e-type=\"column\">\n\t\t\t<div class=\"elementor-widget-wrap elementor-element-populated\">\n\t\t\t\t\t\t<div class=\"elementor-element elementor-element-49ac0c5 elementor-widget elementor-widget-google_maps\" data-id=\"49ac0c5\" data-element_type=\"widget\" data-e-type=\"widget\" data-widget_type=\"google_maps.default\">\n\t\t\t\t<div class=\"elementor-widget-container\">\n\t\t\t\t\t\t\t<div class=\"elementor-custom-embed\">\n\t\t\t<iframe loading=\"lazy\"\n\t\t\t\t\tsrc=\"https:\/\/maps.google.com\/maps?q=Karag%C3%BCmr%C3%BCk%2C%20Viran%20Odalar%C4%B1%20Sk.%20No%3A15%2C%2034091%20%20Fatih%20%2F%20%C4%B0stanbul&#038;t=m&#038;z=17&#038;output=embed&#038;iwloc=near\"\n\t\t\t\t\ttitle=\"Karag\u00fcmr\u00fck, Viran Odalar\u0131 Sk. No:15, 34091  Fatih \/ \u0130stanbul\"\n\t\t\t\t\taria-label=\"Karag\u00fcmr\u00fck, Viran Odalar\u0131 Sk. No:15, 34091  Fatih \/ \u0130stanbul\"\n\t\t\t><\/iframe>\n\t\t<\/div>\n\t\t\t\t\t\t<\/div>\n\t\t\t\t<\/div>\n\t\t\t\t\t<\/div>\n\t\t<\/div>\n\t\t\t\t\t<\/div>\n\t\t<\/section>\n\t\t\t\t<\/div>\n\t\t","protected":false},"excerpt":{"rendered":"<p>Contact us You can fill out the form to contact us. &#916; Phone Number +90 212 909 20 45 Address Karag\u00fcmr\u00fck, Viran Odalar\u0131 Street Number: 15, 34091 Fatih\/Istanbul E-mail info@yeced.org<\/p>\n","protected":false},"author":1,"featured_media":0,"parent":0,"menu_order":0,"comment_status":"closed","ping_status":"closed","template":"template-fullwidth.php","meta":{"footnotes":""},"class_list":["post-68","page","type-page","status-publish","hentry"],"_links":{"self":[{"href":"https:\/\/yeced.org\/en\/wp-json\/wp\/v2\/pages\/68","targetHints":{"allow":["GET"]}}],"collection":[{"href":"https:\/\/yeced.org\/en\/wp-json\/wp\/v2\/pages"}],"about":[{"href":"https:\/\/yeced.org\/en\/wp-json\/wp\/v2\/types\/page"}],"author":[{"embeddable":true,"href":"https:\/\/yeced.org\/en\/wp-json\/wp\/v2\/users\/1"}],"replies":[{"embeddable":true,"href":"https:\/\/yeced.org\/en\/wp-json\/wp\/v2\/comments?post=68"}],"version-history":[{"count":59,"href":"https:\/\/yeced.org\/en\/wp-json\/wp\/v2\/pages\/68\/revisions"}],"predecessor-version":[{"id":7523,"href":"https:\/\/yeced.org\/en\/wp-json\/wp\/v2\/pages\/68\/revisions\/7523"}],"wp:attachment":[{"href":"https:\/\/yeced.org\/en\/wp-json\/wp\/v2\/media?parent=68"}],"curies":[{"name":"wp","href":"https:\/\/api.w.org\/{rel}","templated":true}]}}